{"id":82,"date":"2025-05-14T05:10:36","date_gmt":"2025-05-14T05:10:36","guid":{"rendered":"https:\/\/engage.bcch.health\/?page_id=82"},"modified":"2025-11-03T21:15:20","modified_gmt":"2025-11-03T21:15:20","slug":"glossary-of-terms","status":"publish","type":"page","link":"https:\/\/engage.bcch.health\/sv\/glossary-of-terms\/","title":{"rendered":"Ordlista med termer och begrepp"},"content":{"rendered":"<section class=\"gsbp-bdad90f alignfull\" data-type=\"section-component\">\n<div class=\"gsbp-651ef76\" data-type=\"content-area-component\">\n<div class=\"gsbp-6c38c77\">\n<div class=\"gsbp-7ffdbd4\">\n<h1 id=\"gspb_heading-id-gsbp-2160478\" class=\"gspb_heading gspb_heading-id-gsbp-2160478\"><strong>Glossary<\/strong> of <strong>Terms<\/strong><\/h1>\n<\/div>\n<\/div>\n\n\n\n<div class=\"gsbp-fca8ea2\"><div class=\"gspb_id-gsbp-38990d1 gspb-breadcrumbs wp-block-greenshift-blocks-breadcrumbs\"><\/div><\/div>\n<\/div>\n<\/section>\n\n\n\n<section class=\"gsbp-bb58505 alignfull\" data-type=\"section-component\">\n<div class=\"gsbp-6c9ff5e\" data-type=\"content-area-component\">\n<p>F\u00f6ljande definitioner anv\u00e4nds n\u00e4r man talar om de specifika termerna:<\/p>\n\n\n\n<div class=\"wp-block-greenshift-blocks-accordion gs-accordion gspb_accordion-id-gsbp-3c89a79 togglelogic\" id=\"gspb_accordion-id-gsbp-3c89a79\" >\n<div class=\"wp-block-greenshift-blocks-accordionitem gs-accordion-item gspb_accordionitem-gsbp-1b37adb gsclose\" id=\"gspb_accordionitem-gsbp-1b37adb\" itemscope><div id=\"gs-trigger-gsbp-3c89a79-0\" class=\"gs-accordion-item__title\" aria-expanded=\"false\" role=\"button\" tabindex=\"0\" aria-controls=\"gspb-accordion-item-content-gsbp-1b37adb\"><div class=\"gs-accordion-item__heading\"><strong>Assessor and Co-Assessor<\/strong><\/div><span class=\"iconfortoggle\"><span class=\"gs-iconbefore\"><\/span><span class=\"gs-iconafter\"><\/span><\/span><\/div><div aria-labelledby=\"gs-trigger-gsbp-3c89a79-0\" class=\"gs-accordion-item__content\" itemscope id=\"gspb-accordion-item-content-gsbp-1b37adb\" aria-hidden=\"true\"><div class=\"gs-accordion-item__text\" itemprop=\"text\">\n<p>The assessor and co-assessor are employees of HTA bodies or equivalent organisations operating in EU Member States, as well as Norway and Iceland. The assessor and co-assessor always come from two different member states. They work together to produce a Joint Clinical Assessment (JCA) report or a Joint Scientific Consultation (JSC) outcome document. They will ask for the contribution from patients, carers, and clinical experts at different stages of the production process.<\/p>\n<\/div><\/div><\/div>\n\n\n\n<div class=\"wp-block-greenshift-blocks-accordionitem gs-accordion-item gspb_accordionitem-gsbp-7886306 gsclose\" id=\"gspb_accordionitem-gsbp-7886306\" itemscope><div id=\"gs-trigger-gsbp-3c89a79-1\" class=\"gs-accordion-item__title\" aria-expanded=\"false\" role=\"button\" tabindex=\"0\" aria-controls=\"gspb-accordion-item-content-gsbp-7886306\"><div class=\"gs-accordion-item__heading\"><strong>Assessment Scope<\/strong><\/div><span class=\"iconfortoggle\"><span class=\"gs-iconbefore\"><\/span><span class=\"gs-iconafter\"><\/span><\/span><\/div><div aria-labelledby=\"gs-trigger-gsbp-3c89a79-1\" class=\"gs-accordion-item__content\" itemscope id=\"gspb-accordion-item-content-gsbp-7886306\" aria-hidden=\"true\"><div class=\"gs-accordion-item__text\" itemprop=\"text\">\n<p>The assessment scope frames the research question by specifying the patient population, intervention, comparator, and outcomes for which the health technology developer submits clinical evidence. The assessment scope is prepared by the assessor and co-assessor of the JCA and finalised by the JCA Subgroup after the review by patients, carers, clinical experts, other relevant experts, and the Member States.<\/p>\n<\/div><\/div><\/div>\n\n\n\n<div class=\"wp-block-greenshift-blocks-accordionitem gs-accordion-item gspb_accordionitem-gsbp-ac080b9 gsclose\" id=\"gspb_accordionitem-gsbp-ac080b9\" itemscope><div id=\"gs-trigger-gsbp-3c89a79-2\" class=\"gs-accordion-item__title\" aria-expanded=\"false\" role=\"button\" tabindex=\"0\" aria-controls=\"gspb-accordion-item-content-gsbp-ac080b9\"><div class=\"gs-accordion-item__heading\"><strong>Meeting for an exchange of views<\/strong><\/div><span class=\"iconfortoggle\"><span class=\"gs-iconbefore\"><\/span><span class=\"gs-iconafter\"><\/span><\/span><\/div><div aria-labelledby=\"gs-trigger-gsbp-3c89a79-2\" class=\"gs-accordion-item__content\" itemscope id=\"gspb-accordion-item-content-gsbp-ac080b9\" aria-hidden=\"true\"><div class=\"gs-accordion-item__text\" itemprop=\"text\">\n<p>Meetings for an exchange of views are integral components of the JSC procedure. &nbsp;Patients and carers, clinical experts, other relevant experts, the health technology developer, the European Commission, the assessor and co-assessor, and the JSC subgroup participate in these meetings to discuss the submitted briefing package and the developer\u2019s questions. Dedicated experts from the European Medicines Agency are also invited to these meetings for procedures in which both regulatory and HTA bodies are involved (i.e. \u2018parallel JSCs\u2019).<\/p>\n<\/div><\/div><\/div>\n\n\n\n<div class=\"wp-block-greenshift-blocks-accordionitem gs-accordion-item gspb_accordionitem-gsbp-34a1461 gsclose\" id=\"gspb_accordionitem-gsbp-34a1461\" itemscope><div id=\"gs-trigger-gsbp-3c89a79-3\" class=\"gs-accordion-item__title\" aria-expanded=\"false\" role=\"button\" tabindex=\"0\" aria-controls=\"gspb-accordion-item-content-gsbp-34a1461\"><div class=\"gs-accordion-item__heading\"><strong>BCCH<\/strong><\/div><span class=\"iconfortoggle\"><span class=\"gs-iconbefore\"><\/span><span class=\"gs-iconafter\"><\/span><\/span><\/div><div aria-labelledby=\"gs-trigger-gsbp-3c89a79-3\" class=\"gs-accordion-item__content\" itemscope id=\"gspb-accordion-item-content-gsbp-34a1461\" aria-hidden=\"true\"><div class=\"gs-accordion-item__text\" itemprop=\"text\">\n<p>The Brussels Centre for Collaboration in Health (BCCH) is a non-profit organisation established under Belgian law by the National Institute for Health and Disability Insurance (RIZIV-INAMI). BCCH provides administrative and project management support for the implementation of joint activities by European Health Technology Assessment (HTA) bodies under the EU HTA Regulation. It coordinates the involvement of patients and experts through a dedicated hub. BCCH supports collaboration across Europe by offering operational and logistical assistance to the HTA Framework Contract Consortium (HTA FCC), which enables Member States to carry out Joint Clinical Assessments (JCAs) and Joint Scientific Consultations (JSCs).<\/p>\n<\/div><\/div><\/div>\n\n\n\n<div class=\"wp-block-greenshift-blocks-accordionitem gs-accordion-item gspb_accordionitem-gsbp-06bb972 gsclose\" id=\"gspb_accordionitem-gsbp-06bb972\" itemscope><div id=\"gs-trigger-gsbp-3c89a79-4\" class=\"gs-accordion-item__title\" aria-expanded=\"false\" role=\"button\" tabindex=\"0\" aria-controls=\"gspb-accordion-item-content-gsbp-06bb972\"><div class=\"gs-accordion-item__heading\"><strong>European Commission HTA Secretariat<\/strong><\/div><span class=\"iconfortoggle\"><span class=\"gs-iconbefore\"><\/span><span class=\"gs-iconafter\"><\/span><\/span><\/div><div aria-labelledby=\"gs-trigger-gsbp-3c89a79-4\" class=\"gs-accordion-item__content\" itemscope id=\"gspb-accordion-item-content-gsbp-06bb972\" aria-hidden=\"true\"><div class=\"gs-accordion-item__text\" itemprop=\"text\">\n<p>Based in the Health Technology Assessment Unit within the Directorate-General for Health and Food Safety (DG SANTE) in the European Commission.<\/p>\n<\/div><\/div><\/div>\n\n\n\n<div class=\"wp-block-greenshift-blocks-accordionitem gs-accordion-item gspb_accordionitem-gsbp-7762887 gsclose\" id=\"gspb_accordionitem-gsbp-7762887\" itemscope><div id=\"gs-trigger-gsbp-3c89a79-5\" class=\"gs-accordion-item__title\" aria-expanded=\"false\" role=\"button\" tabindex=\"0\" aria-controls=\"gspb-accordion-item-content-gsbp-7762887\"><div class=\"gs-accordion-item__heading\"><strong>JCA Subgroup<\/strong><\/div><span class=\"iconfortoggle\"><span class=\"gs-iconbefore\"><\/span><span class=\"gs-iconafter\"><\/span><\/span><\/div><div aria-labelledby=\"gs-trigger-gsbp-3c89a79-5\" class=\"gs-accordion-item__content\" itemscope id=\"gspb-accordion-item-content-gsbp-7762887\" aria-hidden=\"true\"><div class=\"gs-accordion-item__text\" itemprop=\"text\">\n<p>Comprises representatives from HTA bodies or equivalent organisations, represented by selected employees (civil servants) delegated by Member States to produce Joint Clinical Assessments.<\/p>\n<\/div><\/div><\/div>\n\n\n\n<div class=\"wp-block-greenshift-blocks-accordionitem gs-accordion-item gspb_accordionitem-gsbp-69b5116 gsclose\" id=\"gspb_accordionitem-gsbp-69b5116\" itemscope><div id=\"gs-trigger-gsbp-3c89a79-6\" class=\"gs-accordion-item__title\" aria-expanded=\"false\" role=\"button\" tabindex=\"0\" aria-controls=\"gspb-accordion-item-content-gsbp-69b5116\"><div class=\"gs-accordion-item__heading\"><strong>JSC Outcome Document<\/strong><\/div><span class=\"iconfortoggle\"><span class=\"gs-iconbefore\"><\/span><span class=\"gs-iconafter\"><\/span><\/span><\/div><div aria-labelledby=\"gs-trigger-gsbp-3c89a79-6\" class=\"gs-accordion-item__content\" itemscope id=\"gspb-accordion-item-content-gsbp-69b5116\" aria-hidden=\"true\"><div class=\"gs-accordion-item__text\" itemprop=\"text\">\n<p>The JSC Outcome Document is the final deliverable of the Joint Scientific Consultation procedure, summarising the advice given to the health technology developer on the evidence package to be submitted. This is a confidential document and will not be published.<\/p>\n<\/div><\/div><\/div>\n\n\n\n<div class=\"wp-block-greenshift-blocks-accordionitem gs-accordion-item gspb_accordionitem-gsbp-a5973a3 gsclose\" id=\"gspb_accordionitem-gsbp-a5973a3\" itemscope><div id=\"gs-trigger-gsbp-3c89a79-7\" class=\"gs-accordion-item__title\" aria-expanded=\"false\" role=\"button\" tabindex=\"0\" aria-controls=\"gspb-accordion-item-content-gsbp-a5973a3\"><div class=\"gs-accordion-item__heading\"><strong>JSC Subgroup<\/strong><\/div><span class=\"iconfortoggle\"><span class=\"gs-iconbefore\"><\/span><span class=\"gs-iconafter\"><\/span><\/span><\/div><div aria-labelledby=\"gs-trigger-gsbp-3c89a79-7\" class=\"gs-accordion-item__content\" itemscope id=\"gspb-accordion-item-content-gsbp-a5973a3\" aria-hidden=\"true\"><div class=\"gs-accordion-item__text\" itemprop=\"text\">\n<p>Comprises representatives from HTA bodies or equivalent organisations, represented by selected employees (civil servants) delegated by Member States to produce Joint Scientific Consultations.<\/p>\n<\/div><\/div><\/div>\n\n\n\n<div class=\"wp-block-greenshift-blocks-accordionitem gs-accordion-item gspb_accordionitem-gsbp-a324e1d gsclose\" id=\"gspb_accordionitem-gsbp-a324e1d\" itemscope><div id=\"gs-trigger-gsbp-3c89a79-8\" class=\"gs-accordion-item__title\" aria-expanded=\"false\" role=\"button\" tabindex=\"0\" aria-controls=\"gspb-accordion-item-content-gsbp-a324e1d\"><div class=\"gs-accordion-item__heading\"><strong>JCA Report and Summary Report<\/strong><\/div><span class=\"iconfortoggle\"><span class=\"gs-iconbefore\"><\/span><span class=\"gs-iconafter\"><\/span><\/span><\/div><div aria-labelledby=\"gs-trigger-gsbp-3c89a79-8\" class=\"gs-accordion-item__content\" itemscope id=\"gspb-accordion-item-content-gsbp-a324e1d\" aria-hidden=\"true\"><div class=\"gs-accordion-item__text\" itemprop=\"text\">\n<p>The deliverables of the Joint Clinical Assessment procedure, produced by the assessor and co-assessor, reviewed and validated by the JCA Subgroup, and endorsed by the HTA Coordination Group. These documents contain the assessors\u2019 analysis based on the health technology developer\u2019s submission, in line with the final assessment scope proposed by Member States.<\/p>\n<\/div><\/div><\/div>\n\n\n\n<div class=\"wp-block-greenshift-blocks-accordionitem gs-accordion-item gspb_accordionitem-gsbp-18e6a2e gsclose\" id=\"gspb_accordionitem-gsbp-18e6a2e\" itemscope><div id=\"gs-trigger-gsbp-3c89a79-9\" class=\"gs-accordion-item__title\" aria-expanded=\"false\" role=\"button\" tabindex=\"0\" aria-controls=\"gspb-accordion-item-content-gsbp-18e6a2e\"><div class=\"gs-accordion-item__heading\"><strong>Health Technology Developer (HTD)<\/strong><\/div><span class=\"iconfortoggle\"><span class=\"gs-iconbefore\"><\/span><span class=\"gs-iconafter\"><\/span><\/span><\/div><div aria-labelledby=\"gs-trigger-gsbp-3c89a79-9\" class=\"gs-accordion-item__content\" itemscope id=\"gspb-accordion-item-content-gsbp-18e6a2e\" aria-hidden=\"true\"><div class=\"gs-accordion-item__text\" itemprop=\"text\">\n<p>An organisation (typically a privately held company) developing a medicinal product, medical device, diagnostic, preventive, or surgical procedure.<\/p>\n<\/div><\/div><\/div>\n\n\n\n<div class=\"wp-block-greenshift-blocks-accordionitem gs-accordion-item gspb_accordionitem-gsbp-a5468b3 gsclose\" id=\"gspb_accordionitem-gsbp-a5468b3\" itemscope><div id=\"gs-trigger-gsbp-3c89a79-10\" class=\"gs-accordion-item__title\" aria-expanded=\"false\" role=\"button\" tabindex=\"0\" aria-controls=\"gspb-accordion-item-content-gsbp-a5468b3\"><div class=\"gs-accordion-item__heading\"><strong>HTA IT Platform<\/strong><\/div><span class=\"iconfortoggle\"><span class=\"gs-iconbefore\"><\/span><span class=\"gs-iconafter\"><\/span><\/span><\/div><div aria-labelledby=\"gs-trigger-gsbp-3c89a79-10\" class=\"gs-accordion-item__content\" itemscope id=\"gspb-accordion-item-content-gsbp-a5468b3\" aria-hidden=\"true\"><div class=\"gs-accordion-item__text\" itemprop=\"text\">\n<p>The HTA IT Platform is maintained by the European Commission. It provides a secure system for the exchange of information between the HTA Coordination Group and its subgroups, and with patients, carers, as well as clinical experts and other experts participating in the joint work.<\/p>\n<\/div><\/div><\/div>\n<\/div>\n<\/div>\n<\/section>","protected":false},"excerpt":{"rendered":"","protected":false},"author":1,"featured_media":0,"parent":0,"menu_order":0,"comment_status":"closed","ping_status":"closed","template":"","meta":{"_gspb_post_css":".gsbp-bdad90f{display:flex;justify-content:center;flex-direction:column;align-items:center;padding-right:0;padding-left:0;padding-top:var(--wp--custom--spacing--top, 0px);padding-bottom:var(--wp--custom--spacing--bottom, 0px);margin-top:0;margin-bottom:0;position:relative}.gsbp-651ef76{max-width:100%;width:var(--wp--style--global--wide-size, 1200px)}.gsbp-6c38c77{color:#1c3320;background-image:linear-gradient(135deg,#5eab6e 0,#386442 100%);padding-top:30px;padding-bottom:30px}.gsbp-7ffdbd4{background-image:url(https:\/\/engage.bcch.health\/wp-content\/uploads\/2025\/09\/headlines_glossary_2.png);background-position:20px;background-size:contain;background-repeat:no-repeat;height:150px;display:flex;align-items:center;justify-content:center}@media (max-width:575.98px){.gsbp-7ffdbd4{background-position:right;background-size:auto 75%;justify-content:flex-start;margin-right:30px;padding-left:30px;padding-right:40%}}#gspb_heading-id-gsbp-2160478{font-size:40px}@media (max-width:575.98px){#gspb_heading-id-gsbp-2160478{font-size:32px}}#gspb_heading-id-gsbp-2160478,#gspb_heading-id-gsbp-2160478 .gsap-g-line{text-align:center!important}#gspb_heading-id-gsbp-2160478{font-weight:400!important;color:var(--wp--preset--color--contrastcolor, #fafbfd)}.gsbp-fca8ea2{margin-left:20px}.gspb_id-gsbp-38990d1{display:flex;align-items:center;gap:5px;flex-wrap:wrap}.gspb_id-gsbp-38990d1 .gspb-current-breadcrumb,.gspb_id-gsbp-38990d1 .gspb-separator-breadcrumbs,.gspb_id-gsbp-38990d1 a{color:var(--wp--preset--color--accent, #5eab6e)}.gsbp-bb58505{display:flex;justify-content:center;flex-direction:column;align-items:center;padding-right:var(--wp--custom--spacing--side, min(3vw, 20px));padding-left:var(--wp--custom--spacing--side, min(3vw, 20px));padding-top:var(--wp--custom--spacing--top, 0px);padding-bottom:var(--wp--custom--spacing--bottom, 0px);margin-top:0;margin-bottom:0;position:relative}.gsbp-6c9ff5e{max-width:100%;width:var(--wp--style--global--wide-size, 1200px);margin:20px;padding-bottom:50px}#gspb_accordion-id-gsbp-3c89a79 .gs-accordion-item.gsclose>.gs-accordion-item__content{overflow:hidden;opacity:0}#gspb_accordion-id-gsbp-3c89a79 .gs-accordion-item.gsopen>.gs-accordion-item__content{opacity:1;max-height:5000px}#gspb_accordion-id-gsbp-3c89a79 .gs-accordion-item>.gs-accordion-item__title>.gs-accordion-item__heading{outline:0;text-decoration:none;margin:0!important;padding:0!important;flex-grow:1}#gspb_accordion-id-gsbp-3c89a79 .gs-accordion-item>.gs-accordion-item__title{z-index:1;margin:0;cursor:pointer;transition:all .3s ease-in-out;position:relative;display:flex;justify-content:space-between;align-items:center;flex-wrap:nowrap}#gspb_accordion-id-gsbp-3c89a79 .gs-accordion-item>.gs-accordion-item__content{z-index:0;position:relative;max-height:0;will-change:max-height;transition:all .25s ease-out}#gspb_accordion-id-gsbp-3c89a79 .gs-accordion-item>.gs-accordion-item__title{background-color:var(--wp--preset--color--accent, #5eab6e);border-style:solid;border-width:1px;border-color:var(--wp--preset--color--border, #00000012)}#gspb_accordion-id-gsbp-3c89a79 .gs-accordion-item.gsopen>.gs-accordion-item__title,#gspb_accordion-id-gsbp-3c89a79 .gs-accordion-item.gsopen>.gs-accordion-item__title>*{color:var(--wp--preset--color--contrastcolor, #fafbfd)}#gspb_accordion-id-gsbp-3c89a79 .gs-accordion-item>.gs-accordion-item__content{background-color:#fff;border-color:var(--wp--preset--color--border, #00000012);border-style:solid;border-width:1px;border-top-color:#00000000}#gspb_accordion-id-gsbp-3c89a79 .gs-accordion-item.gsopen span.iconfortoggle .gs-iconafter,#gspb_accordion-id-gsbp-3c89a79 .gs-accordion-item.gsopen span.iconfortoggle .gs-iconbefore{background-color:var(--wp--preset--color--contrastcolor, #fafbfd)}#gspb_accordion-id-gsbp-3c89a79 .gs-accordion-item>.gs-accordion-item__title span.iconfortoggle{margin-left:15px;display:inline-block;height:14px;width:14px;position:relative}#gspb_accordion-id-gsbp-3c89a79 .gs-accordion-item{margin-bottom:10px}#gspb_accordion-id-gsbp-3c89a79 .gs-accordion-item>.gs-accordion-item__content>.gs-accordion-item__text,#gspb_accordion-id-gsbp-3c89a79 .gs-accordion-item>.gs-accordion-item__title{padding:15px 20px}.gs-accordion .gs-accordion-item.gsopen .gs-accordion-item__title .gs-iconafter{transform:rotate(0)}.gs-accordion .gs-accordion-item__title span.iconfortoggle .gs-iconafter,.gs-accordion .gs-accordion-item__title span.iconfortoggle .gs-iconbefore{content:'';width:14px;height:2px;border-radius:2px;background-color:#111;position:absolute;top:6px;left:0}.gs-accordion .gs-accordion-item__title span.iconfortoggle .gs-iconafter{transform:rotate(90deg);transition:all .3s ease-in-out}#gspb_accordionitem-gsbp-06bb972 .gs-accordion-item__title>*,#gspb_accordionitem-gsbp-18e6a2e .gs-accordion-item__title>*,#gspb_accordionitem-gsbp-1b37adb .gs-accordion-item__title>*,#gspb_accordionitem-gsbp-34a1461 .gs-accordion-item__title>*,#gspb_accordionitem-gsbp-69b5116 .gs-accordion-item__title>*,#gspb_accordionitem-gsbp-7762887 .gs-accordion-item__title>*,#gspb_accordionitem-gsbp-7886306 .gs-accordion-item__title>*,#gspb_accordionitem-gsbp-a324e1d .gs-accordion-item__title>*,#gspb_accordionitem-gsbp-a5468b3 .gs-accordion-item__title>*,#gspb_accordionitem-gsbp-a5973a3 .gs-accordion-item__title>*,#gspb_accordionitem-gsbp-ac080b9 .gs-accordion-item__title>*{color:var(--wp--preset--color--contrastcolor, #fafbfd)!important}#gspb_accordionitem-gsbp-06bb972 span.iconfortoggle .gs-iconafter,#gspb_accordionitem-gsbp-06bb972 span.iconfortoggle .gs-iconbefore,#gspb_accordionitem-gsbp-18e6a2e span.iconfortoggle .gs-iconafter,#gspb_accordionitem-gsbp-18e6a2e span.iconfortoggle .gs-iconbefore,#gspb_accordionitem-gsbp-1b37adb span.iconfortoggle .gs-iconafter,#gspb_accordionitem-gsbp-1b37adb span.iconfortoggle .gs-iconbefore,#gspb_accordionitem-gsbp-34a1461 span.iconfortoggle .gs-iconafter,#gspb_accordionitem-gsbp-34a1461 span.iconfortoggle .gs-iconbefore,#gspb_accordionitem-gsbp-69b5116 span.iconfortoggle .gs-iconafter,#gspb_accordionitem-gsbp-69b5116 span.iconfortoggle .gs-iconbefore,#gspb_accordionitem-gsbp-7762887 span.iconfortoggle .gs-iconafter,#gspb_accordionitem-gsbp-7762887 span.iconfortoggle .gs-iconbefore,#gspb_accordionitem-gsbp-7886306 span.iconfortoggle .gs-iconafter,#gspb_accordionitem-gsbp-7886306 span.iconfortoggle .gs-iconbefore,#gspb_accordionitem-gsbp-a324e1d span.iconfortoggle .gs-iconafter,#gspb_accordionitem-gsbp-a324e1d span.iconfortoggle .gs-iconbefore,#gspb_accordionitem-gsbp-a5468b3 span.iconfortoggle .gs-iconafter,#gspb_accordionitem-gsbp-a5468b3 span.iconfortoggle .gs-iconbefore,#gspb_accordionitem-gsbp-a5973a3 span.iconfortoggle .gs-iconafter,#gspb_accordionitem-gsbp-a5973a3 span.iconfortoggle .gs-iconbefore,#gspb_accordionitem-gsbp-ac080b9 span.iconfortoggle .gs-iconafter,#gspb_accordionitem-gsbp-ac080b9 span.iconfortoggle .gs-iconbefore{background-color:var(--wp--preset--color--contrastcolor, #fafbfd)!important}","footnotes":""},"class_list":["post-82","page","type-page","status-publish","hentry"],"_links":{"self":[{"href":"https:\/\/engage.bcch.health\/sv\/wp-json\/wp\/v2\/pages\/82","targetHints":{"allow":["GET"]}}],"collection":[{"href":"https:\/\/engage.bcch.health\/sv\/wp-json\/wp\/v2\/pages"}],"about":[{"href":"https:\/\/engage.bcch.health\/sv\/wp-json\/wp\/v2\/types\/page"}],"author":[{"embeddable":true,"href":"https:\/\/engage.bcch.health\/sv\/wp-json\/wp\/v2\/users\/1"}],"replies":[{"embeddable":true,"href":"https:\/\/engage.bcch.health\/sv\/wp-json\/wp\/v2\/comments?post=82"}],"version-history":[{"count":27,"href":"https:\/\/engage.bcch.health\/sv\/wp-json\/wp\/v2\/pages\/82\/revisions"}],"predecessor-version":[{"id":532,"href":"https:\/\/engage.bcch.health\/sv\/wp-json\/wp\/v2\/pages\/82\/revisions\/532"}],"wp:attachment":[{"href":"https:\/\/engage.bcch.health\/sv\/wp-json\/wp\/v2\/media?parent=82"}],"curies":[{"name":"wp","href":"https:\/\/api.w.org\/{rel}","templated":true}]}}